{"id":18207,"date":"2023-03-23T19:50:44","date_gmt":"2023-03-23T19:50:44","guid":{"rendered":"https:\/\/coctail.suitabox.com\/?post_type=product&#038;p=18207"},"modified":"2023-03-23T19:57:37","modified_gmt":"2023-03-23T19:57:37","slug":"smoothie-green-detox","status":"publish","type":"product","link":"https:\/\/coctail.suitabox.com\/index.php\/producto\/smoothie-green-detox\/","title":{"rendered":"Smoothie Green Detox"},"content":{"rendered":"<p>Se trata de un batido con much\u00edsimas propiedades. Entre ellas, es antioxidante y depurativo, lo cual significa que es perfecto para tomar despu\u00e9s de un d\u00eda de excesos con la comida o las bebidas. Ademas las espinacas ayudan a mejorar el transito intestinal.<\/p>\n<div class=\"publi-position\"><\/div>\n","protected":false},"excerpt":{"rendered":"<p>Contiene espinacas, pepino, apio, manzanas, zumo de un lim\u00f3n y agua.<\/p>\n","protected":false},"featured_media":18208,"comment_status":"open","ping_status":"closed","template":"","meta":{"_et_pb_use_builder":"","_et_pb_old_content":"","_et_gb_content_width":""},"product_brand":[],"product_cat":[22],"product_tag":[],"class_list":{"0":"post-18207","1":"product","2":"type-product","3":"status-publish","4":"has-post-thumbnail","6":"product_cat-dulces","8":"first","9":"instock","10":"taxable","11":"shipping-taxable","12":"purchasable","13":"product-type-simple"},"_links":{"self":[{"href":"https:\/\/coctail.suitabox.com\/index.php\/wp-json\/wp\/v2\/product\/18207","targetHints":{"allow":["GET"]}}],"collection":[{"href":"https:\/\/coctail.suitabox.com\/index.php\/wp-json\/wp\/v2\/product"}],"about":[{"href":"https:\/\/coctail.suitabox.com\/index.php\/wp-json\/wp\/v2\/types\/product"}],"replies":[{"embeddable":true,"href":"https:\/\/coctail.suitabox.com\/index.php\/wp-json\/wp\/v2\/comments?post=18207"}],"wp:featuredmedia":[{"embeddable":true,"href":"https:\/\/coctail.suitabox.com\/index.php\/wp-json\/wp\/v2\/media\/18208"}],"wp:attachment":[{"href":"https:\/\/coctail.suitabox.com\/index.php\/wp-json\/wp\/v2\/media?parent=18207"}],"wp:term":[{"taxonomy":"product_brand","embeddable":true,"href":"https:\/\/coctail.suitabox.com\/index.php\/wp-json\/wp\/v2\/product_brand?post=18207"},{"taxonomy":"product_cat","embeddable":true,"href":"https:\/\/coctail.suitabox.com\/index.php\/wp-json\/wp\/v2\/product_cat?post=18207"},{"taxonomy":"product_tag","embeddable":true,"href":"https:\/\/coctail.suitabox.com\/index.php\/wp-json\/wp\/v2\/product_tag?post=18207"}],"curies":[{"name":"wp","href":"https:\/\/api.w.org\/{rel}","templated":true}]}}